{"id":396,"date":"2024-10-16T15:10:37","date_gmt":"2024-10-16T15:10:37","guid":{"rendered":"https:\/\/oldiethek.com\/?page_id=396"},"modified":"2025-08-31T12:02:09","modified_gmt":"2025-08-31T10:02:09","slug":"wer-sind-wir","status":"publish","type":"page","link":"https:\/\/oldiethek.com\/?page_id=396","title":{"rendered":"Wer sind wir"},"content":{"rendered":"\t\t<div data-elementor-type=\"wp-page\" data-elementor-id=\"396\" class=\"elementor elementor-396\" data-elementor-post-type=\"page\">\n\t\t\t\t<div class=\"elementor-element elementor-element-1800c7e e-flex e-con-boxed jltma-glass-effect-no wpr-particle-no wpr-jarallax-no wpr-parallax-no wpr-sticky-section-no wpr-equal-height-no e-con e-parent\" data-id=\"1800c7e\" data-element_type=\"container\" data-e-type=\"container\">\n\t\t\t\t\t<div class=\"e-con-inner\">\n\t\t\t\t<div class=\"elementor-element elementor-element-dda9cdf jltma-glass-effect-no elementor-widget elementor-widget-image\" data-id=\"dda9cdf\" data-element_type=\"widget\" data-e-type=\"widget\" data-widget_type=\"image.default\">\n\t\t\t\t\t\t\t\t\t\t\t\t\t\t\t<img decoding=\"async\" width=\"80\" height=\"80\" src=\"https:\/\/oldiethek.com\/wp-content\/uploads\/Radio-Logo.png\" class=\"attachment-large size-large wp-image-6\" alt=\"\" \/>\t\t\t\t\t\t\t\t\t\t\t\t\t\t\t<\/div>\n\t\t\t\t\t<\/div>\n\t\t\t\t<\/div>\n\t\t<div class=\"elementor-element elementor-element-40531e4 e-flex e-con-boxed jltma-glass-effect-no wpr-particle-no wpr-jarallax-no wpr-parallax-no wpr-sticky-section-no wpr-equal-height-no e-con e-parent\" data-id=\"40531e4\" data-element_type=\"container\" data-e-type=\"container\">\n\t\t\t\t\t<div class=\"e-con-inner\">\n\t\t\t\t<div class=\"elementor-element elementor-element-a429086 jltma-glass-effect-no elementor-widget elementor-widget-heading\" data-id=\"a429086\" data-element_type=\"widget\" data-e-type=\"widget\" data-widget_type=\"heading.default\">\n\t\t\t\t\t<h2 class=\"elementor-heading-title elementor-size-default\">Wer sind wir?<\/h2>\t\t\t\t<\/div>\n\t\t\t\t\t<\/div>\n\t\t\t\t<\/div>\n\t\t<div class=\"elementor-element elementor-element-b0e22b5 e-flex e-con-boxed jltma-glass-effect-no wpr-particle-no wpr-jarallax-no wpr-parallax-no wpr-sticky-section-no wpr-equal-height-no e-con e-parent\" data-id=\"b0e22b5\" data-element_type=\"container\" data-e-type=\"container\">\n\t\t\t\t\t<div class=\"e-con-inner\">\n\t\t\t\t<div class=\"elementor-element elementor-element-b468ceb jltma-glass-effect-no elementor-widget elementor-widget-text-editor\" data-id=\"b468ceb\" data-element_type=\"widget\" data-e-type=\"widget\" data-widget_type=\"text-editor.default\">\n\t\t\t\t\t\t\t\t\t<div class=\"xdj266r x11i5rnm xat24cr x1mh8g0r x1vvkbs\"><h4 dir=\"auto\" style=\"text-align: center;\"><span style=\"color: #000000;\">Oh nein, schon wieder ein Webradio, werden einige denken&#8230; Ja, ist es!<\/span><\/h4><div dir=\"auto\">\u00a0<\/div><\/div><p><span style=\"color: #000000; font-size: 16px;\">Wir sind ein kleines Webradio mit dem Schwerpunkt, H\u00f6rer mit guter Musik zu unterhalten. Wir machen Musik f\u00fcr Jederfrau und Jedermann, um bei den normalen Gender-begriffen zu bleiben. Bei uns gibt es zur Zeit noch keine festen Life-Sendungen, \u00fcberwiegend spielt die Musikbox unseres Kanals von LautFM f\u00fcr Euch. Sind dann doch einmal Life-Sendungen geplant, so erfahrt Ihr dies hier auf der Seite, oder in unserer Gruppe bei <a href=\"https:\/\/www.facebook.com\/groups\/269665937151288\/\" target=\"_blank\" rel=\"noopener\">Facebook<\/a>. Nat\u00fcrlich haben wir auch einen kleinen, aber feinen Chatraum, in dem Ihr Euch ungezwungen unterhalten d\u00fcrft, allerdings unter Ber\u00fccksichtigung der Etikette, also ohne Beleidigungen, Obsz\u00f6nit\u00e4ten, religi\u00f6se und\/oder politische Diskussionen. Aber das versteht sich eigentlich von selbst.<\/span><\/p>\t\t\t\t\t\t\t\t<\/div>\n\t\t\t\t\t<\/div>\n\t\t\t\t<\/div>\n\t\t<div class=\"elementor-element elementor-element-45c55da e-flex e-con-boxed jltma-glass-effect-no wpr-particle-no wpr-jarallax-no wpr-parallax-no wpr-sticky-section-no wpr-equal-height-no e-con e-parent\" data-id=\"45c55da\" data-element_type=\"container\" data-e-type=\"container\">\n\t\t\t\t\t<div class=\"e-con-inner\">\n\t\t\t\t<div class=\"elementor-element elementor-element-ab7c3b2 elementor-widget-divider--view-line jltma-glass-effect-no elementor-widget elementor-widget-divider\" data-id=\"ab7c3b2\" data-element_type=\"widget\" data-e-type=\"widget\" data-widget_type=\"divider.default\">\n\t\t\t\t\t\t\t<div class=\"elementor-divider\">\n\t\t\t<span class=\"elementor-divider-separator\">\n\t\t\t\t\t\t<\/span>\n\t\t<\/div>\n\t\t\t\t\t\t<\/div>\n\t\t\t\t\t<\/div>\n\t\t\t\t<\/div>\n\t\t\t\t<\/div>\n\t\t","protected":false},"excerpt":{"rendered":"<p>Wer sind wir? Oh nein, schon wieder ein Webradio, werden einige denken&#8230; Ja, ist es! \u00a0 Wir sind ein kleines Webradio mit dem Schwerpunkt, H\u00f6rer mit guter Musik zu unterhalten. Wir machen Musik f\u00fcr Jederfrau und Jedermann, um bei den normalen Gender-begriffen zu bleiben. Bei uns gibt es zur Zeit noch keine festen Life-Sendungen, \u00fcberwiegend &hellip; <\/p>\n<p><a class=\"more-link btn\" href=\"https:\/\/oldiethek.com\/?page_id=396\">Weiterlesen<\/a><\/p>\n","protected":false},"author":1,"featured_media":0,"parent":0,"menu_order":0,"comment_status":"closed","ping_status":"closed","template":"","meta":{"footnotes":""},"class_list":["post-396","page","type-page","status-publish","hentry","nodate","item-wrap"],"_links":{"self":[{"href":"https:\/\/oldiethek.com\/index.php?rest_route=\/wp\/v2\/pages\/396","targetHints":{"allow":["GET"]}}],"collection":[{"href":"https:\/\/oldiethek.com\/index.php?rest_route=\/wp\/v2\/pages"}],"about":[{"href":"https:\/\/oldiethek.com\/index.php?rest_route=\/wp\/v2\/types\/page"}],"author":[{"embeddable":true,"href":"https:\/\/oldiethek.com\/index.php?rest_route=\/wp\/v2\/users\/1"}],"replies":[{"embeddable":true,"href":"https:\/\/oldiethek.com\/index.php?rest_route=%2Fwp%2Fv2%2Fcomments&post=396"}],"version-history":[{"count":16,"href":"https:\/\/oldiethek.com\/index.php?rest_route=\/wp\/v2\/pages\/396\/revisions"}],"predecessor-version":[{"id":1331,"href":"https:\/\/oldiethek.com\/index.php?rest_route=\/wp\/v2\/pages\/396\/revisions\/1331"}],"wp:attachment":[{"href":"https:\/\/oldiethek.com\/index.php?rest_route=%2Fwp%2Fv2%2Fmedia&parent=396"}],"curies":[{"name":"wp","href":"https:\/\/api.w.org\/{rel}","templated":true}]}}