{"id":486,"date":"2024-12-28T13:07:12","date_gmt":"2024-12-28T13:07:12","guid":{"rendered":"https:\/\/oldiethek.com\/?page_id=486"},"modified":"2024-12-28T18:15:20","modified_gmt":"2024-12-28T18:15:20","slug":"bewerbung-als-moderator","status":"publish","type":"page","link":"https:\/\/oldiethek.com\/?page_id=486","title":{"rendered":"Bewerbung als Moderator"},"content":{"rendered":"\t\t<div data-elementor-type=\"wp-page\" data-elementor-id=\"486\" class=\"elementor elementor-486\" data-elementor-post-type=\"page\">\n\t\t\t\t<div class=\"elementor-element elementor-element-510f1ae e-flex e-con-boxed jltma-glass-effect-no wpr-particle-no wpr-jarallax-no wpr-parallax-no wpr-sticky-section-no wpr-equal-height-no e-con e-parent\" data-id=\"510f1ae\" data-element_type=\"container\" data-e-type=\"container\">\n\t\t\t\t\t<div class=\"e-con-inner\">\n\t\t\t\t<div class=\"elementor-element elementor-element-0c6a44a jltma-glass-effect-no elementor-widget elementor-widget-heading\" data-id=\"0c6a44a\" data-element_type=\"widget\" data-e-type=\"widget\" data-widget_type=\"heading.default\">\n\t\t\t\t\t<h2 class=\"elementor-heading-title elementor-size-default\">Du m\u00f6chtest bei uns Moderator werden?<\/h2>\t\t\t\t<\/div>\n\t\t\t\t\t<\/div>\n\t\t\t\t<\/div>\n\t\t<div class=\"elementor-element elementor-element-d74edbc e-flex e-con-boxed jltma-glass-effect-no wpr-particle-no wpr-jarallax-no wpr-parallax-no wpr-sticky-section-no wpr-equal-height-no e-con e-parent\" data-id=\"d74edbc\" data-element_type=\"container\" data-e-type=\"container\">\n\t\t\t\t\t<div class=\"e-con-inner\">\n\t\t\t\t<div class=\"elementor-element elementor-element-ba80f89 jltma-glass-effect-no elementor-widget elementor-widget-text-editor\" data-id=\"ba80f89\" data-element_type=\"widget\" data-e-type=\"widget\" data-widget_type=\"text-editor.default\">\n\t\t\t\t\t\t\t\t\t<p><span style=\"color: #333333;\">Dir gef\u00e4llt die Oldiethek und die Musik, die hier gespielt wird? Du bist mindestens 18 Jahre alt? Du hast selbst Ambitionen, Menschen zu unterhalten? Du engagierst dich gerne in einem Team? Du sprichst gutes Deutsch? Du hast eine gute Internetleitung und auch eine anschauliche Sammlung von Musik auf Deiner Festplatte?<\/span><\/p><p><span style=\"color: #333333;\">Wenn Du diese Fragen mit &#8220;Ja&#8221; beantworten kannst, bist Du hier bei uns im Team gerne gesehen! F\u00fcll doch einfach das nachfolgende Formular aus und sende es an uns ab. Wir werden uns dann umgehend bei Dir melden, um einen Gespr\u00e4chstermin \u00fcber Teamspeak zu vereinbaren. Bitte installiere Dir daf\u00fcr den Teamspeak-Clienten auf Deinem Computer. Der Download startet mit Klick auf diesen Link: <strong><a href=\"https:\/\/files.teamspeak-services.com\/releases\/client\/3.6.2\/TeamSpeak3-Client-win64-3.6.2.exe\" target=\"_blank\" rel=\"noopener\">TS3-Client<\/a><\/strong><\/span><\/p><h6 style=\"text-align: left;\"><span style=\"color: #ff0000;\">(Bitte beachten: Rote Felder m\u00fcssen ausgef\u00fcllt werden)<\/span><\/h6>\t\t\t\t\t\t\t\t<\/div>\n\t\t\t\t\t<\/div>\n\t\t\t\t<\/div>\n\t\t<div class=\"elementor-element elementor-element-a85a55e e-flex e-con-boxed jltma-glass-effect-no wpr-particle-no wpr-jarallax-no wpr-parallax-no wpr-sticky-section-no wpr-equal-height-no e-con e-parent\" data-id=\"a85a55e\" data-element_type=\"container\" data-e-type=\"container\">\n\t\t\t\t\t<div class=\"e-con-inner\">\n\t\t\t\t<div class=\"elementor-element elementor-element-81d7995 elementor-widget-divider--view-line jltma-glass-effect-no elementor-widget elementor-widget-divider\" data-id=\"81d7995\" data-element_type=\"widget\" data-e-type=\"widget\" data-widget_type=\"divider.default\">\n\t\t\t\t\t\t\t<div class=\"elementor-divider\">\n\t\t\t<span class=\"elementor-divider-separator\">\n\t\t\t\t\t\t<\/span>\n\t\t<\/div>\n\t\t\t\t\t\t<\/div>\n\t\t\t\t\t<\/div>\n\t\t\t\t<\/div>\n\t\t<div class=\"elementor-element elementor-element-508811d e-flex e-con-boxed jltma-glass-effect-no wpr-particle-no wpr-jarallax-no wpr-parallax-no wpr-sticky-section-no wpr-equal-height-no e-con e-parent\" data-id=\"508811d\" data-element_type=\"container\" data-e-type=\"container\">\n\t\t\t\t\t<div class=\"e-con-inner\">\n\t\t\t\t<div class=\"elementor-element elementor-element-53eeda2 jltma-glass-effect-no elementor-widget elementor-widget-html\" data-id=\"53eeda2\" data-element_type=\"widget\" data-e-type=\"widget\" data-widget_type=\"html.default\">\n\t\t\t\t\t<iframe src=\"https:\/\/oldiethek.com\/sendeplan\/index.php?page=infos&mode=bewerbung\" style=\"border:0;width:820px;height:1800px;\"><\/iframe> \t\t\t\t<\/div>\n\t\t\t\t<div class=\"elementor-element elementor-element-2d1e08c elementor-widget-divider--view-line jltma-glass-effect-no elementor-widget elementor-widget-divider\" data-id=\"2d1e08c\" data-element_type=\"widget\" data-e-type=\"widget\" data-widget_type=\"divider.default\">\n\t\t\t\t\t\t\t<div class=\"elementor-divider\">\n\t\t\t<span class=\"elementor-divider-separator\">\n\t\t\t\t\t\t<\/span>\n\t\t<\/div>\n\t\t\t\t\t\t<\/div>\n\t\t\t\t\t<\/div>\n\t\t\t\t<\/div>\n\t\t\t\t<\/div>\n\t\t","protected":false},"excerpt":{"rendered":"<p>Du m\u00f6chtest bei uns Moderator werden? Dir gef\u00e4llt die Oldiethek und die Musik, die hier gespielt wird? Du bist mindestens 18 Jahre alt? Du hast selbst Ambitionen, Menschen zu unterhalten? Du engagierst dich gerne in einem Team? Du sprichst gutes Deutsch? Du hast eine gute Internetleitung und auch eine anschauliche Sammlung von Musik auf Deiner &hellip; <\/p>\n<p><a class=\"more-link btn\" href=\"https:\/\/oldiethek.com\/?page_id=486\">Weiterlesen<\/a><\/p>\n","protected":false},"author":1,"featured_media":0,"parent":0,"menu_order":0,"comment_status":"closed","ping_status":"closed","template":"","meta":{"footnotes":""},"class_list":["post-486","page","type-page","status-publish","hentry","nodate","item-wrap"],"_links":{"self":[{"href":"https:\/\/oldiethek.com\/index.php?rest_route=\/wp\/v2\/pages\/486","targetHints":{"allow":["GET"]}}],"collection":[{"href":"https:\/\/oldiethek.com\/index.php?rest_route=\/wp\/v2\/pages"}],"about":[{"href":"https:\/\/oldiethek.com\/index.php?rest_route=\/wp\/v2\/types\/page"}],"author":[{"embeddable":true,"href":"https:\/\/oldiethek.com\/index.php?rest_route=\/wp\/v2\/users\/1"}],"replies":[{"embeddable":true,"href":"https:\/\/oldiethek.com\/index.php?rest_route=%2Fwp%2Fv2%2Fcomments&post=486"}],"version-history":[{"count":16,"href":"https:\/\/oldiethek.com\/index.php?rest_route=\/wp\/v2\/pages\/486\/revisions"}],"predecessor-version":[{"id":515,"href":"https:\/\/oldiethek.com\/index.php?rest_route=\/wp\/v2\/pages\/486\/revisions\/515"}],"wp:attachment":[{"href":"https:\/\/oldiethek.com\/index.php?rest_route=%2Fwp%2Fv2%2Fmedia&parent=486"}],"curies":[{"name":"wp","href":"https:\/\/api.w.org\/{rel}","templated":true}]}}